{"id":553,"date":"2023-06-03T18:07:02","date_gmt":"2023-06-03T18:07:02","guid":{"rendered":"https:\/\/swingenieria.com\/?page_id=553"},"modified":"2024-04-08T08:47:00","modified_gmt":"2024-04-08T08:47:00","slug":"enfriadores-evaporativos-de-pared-cool-space","status":"publish","type":"page","link":"https:\/\/swingenieria.com\/index.php\/enfriadores-evaporativos-de-pared-cool-space\/","title":{"rendered":"Enfriadores evaporativos de pared Cool Space"},"content":{"rendered":"\n<div class=\"slider-wrapper relative\" id=\"slider-2081827589\" >\n    <div class=\"slider slider-nav-circle slider-nav-large slider-nav-light slider-style-normal\"\n        data-flickity-options='{\n            \"cellAlign\": \"center\",\n            \"imagesLoaded\": true,\n            \"lazyLoad\": 1,\n            \"freeScroll\": false,\n            \"wrapAround\": true,\n            \"autoPlay\": 6000,\n            \"pauseAutoPlayOnHover\" : true,\n            \"prevNextButtons\": true,\n            \"contain\" : true,\n            \"adaptiveHeight\" : true,\n            \"dragThreshold\" : 10,\n            \"percentPosition\": true,\n            \"pageDots\": true,\n            \"rightToLeft\": false,\n            \"draggable\": true,\n            \"selectedAttraction\": 0.1,\n            \"parallax\" : 0,\n            \"friction\": 0.6        }'\n        >\n        \n\n\n  <div class=\"banner has-hover\" id=\"banner-186586017\">\n          <div class=\"banner-inner fill\">\n        <div class=\"banner-bg fill\" >\n            <div class=\"bg fill bg-fill \"><\/div>\n                        <div class=\"overlay\"><\/div>            \n                    <\/div>\n        <div class=\"banner-layers container\">\n            <div class=\"fill banner-link\"><\/div>            \n\n   <div id=\"text-box-1736525660\" class=\"text-box banner-layer x50 md-x50 lg-x50 y50 md-y30 lg-y30 res-text\">\n                                <div class=\"text-box-content text dark\">\n              \n              <div class=\"text-inner text-center\">\n                  \n\n<h2>ENFRIADORES EVAPORATIVOS COOL SPACE\u00ae <\/h2>\n\t<div id=\"gap-1810595875\" class=\"gap-element clearfix\" style=\"display:block; height:auto;\">\n\t\t\n<style>\n#gap-1810595875 {\n  padding-top: 30px;\n}\n<\/style>\n\t<\/div>\n\t\n\n<a href=\"https:\/\/wa.me\/message\/JV7J6TEMDNP3D1\" target=\"_self\" class=\"button primary\"  style=\"border-radius:15px;\">\n    <span>Cotiza ahora<\/span>\n  <\/a>\n\n\n\n              <\/div>\n           <\/div>\n                            \n<style>\n#text-box-1736525660 {\n  width: 64%;\n}\n#text-box-1736525660 .text-box-content {\n  font-size: 100%;\n}\n<\/style>\n    <\/div>\n \n\n        <\/div>\n      <\/div>\n\n            \n<style>\n#banner-186586017 {\n  padding-top: 99.99%;\n}\n#banner-186586017 .bg.bg-loaded {\n  background-image: url(https:\/\/swingenieria.com\/wp-content\/uploads\/2023\/06\/cool-space-500-feature-header-1024x614.jpg);\n}\n#banner-186586017 .overlay {\n  background-color: rgba(0,0,0,.5);\n}\n#banner-186586017 .bg {\n  background-position: 43% 68%;\n}\n@media (min-width:550px) {\n  #banner-186586017 {\n    padding-top: 40%;\n  }\n}\n<\/style>\n  <\/div>\n\n\n\n     <\/div>\n\n     <div class=\"loading-spin dark large centered\"><\/div>\n\n     \t<\/div>\n\n\n\t<section class=\"section\" id=\"section_537984776\">\n\t\t<div class=\"bg section-bg fill bg-fill  bg-loaded\" >\n\n\t\t\t\n\t\t\t\n\t\t\t\n\n\t\t<\/div>\n\n\t\t<div class=\"section-content relative\">\n\t\t\t\n\n<div class=\"row align-center\"  id=\"row-163070659\">\n\n\n\t<div id=\"col-795476379\" class=\"col small-12 large-12\"  >\n\t\t<div class=\"col-inner\"  >\n\t\t\t\n\t\t\t\n\n\t<div id=\"gap-2016037144\" class=\"gap-element clearfix\" style=\"display:block; height:auto;\">\n\t\t\n<style>\n#gap-2016037144 {\n  padding-top: 60px;\n}\n<\/style>\n\t<\/div>\n\t\n\n\t<div id=\"text-4254786212\" class=\"text\">\n\t\t\n\n<h3 class=\"thin-font\">Di adi\u00f3s a las temperaturas asfixiantes con la l\u00ednea de enfriadores evaporativos Cool Space. \u00a1El calor opresivo ha encontrado su rival! Gracias a su potencia de enfriamiento a gran escala, Cool Space es capaz de reducir las temperaturas ambientales entre 6 y 12 grados celsius. Olv\u00eddate del calor sofocante y dale la bienvenida a la eficiencia y frescura.<\/h3>\n\t\t\n<style>\n#text-4254786212 {\n  font-size: 1.25rem;\n}\n<\/style>\n\t<\/div>\n\t\n\n\t\t<\/div>\n\t\t\t<\/div>\n\n\t\n\n<\/div>\n\n\t\t<\/div>\n\n\t\t\n<style>\n#section_537984776 {\n  padding-top: 0px;\n  padding-bottom: 0px;\n}\n@media (min-width:550px) {\n  #section_537984776 {\n    padding-top: 0px;\n    padding-bottom: 0px;\n  }\n}\n<\/style>\n\t<\/section>\n\t\n\t<section class=\"section\" id=\"section_1349875351\">\n\t\t<div class=\"bg section-bg fill bg-fill  bg-loaded\" >\n\n\t\t\t\n\t\t\t\n\t\t\t\n\n\t\t<\/div>\n\n\t\t<div class=\"section-content relative\">\n\t\t\t\n\n<div class=\"row align-center\"  id=\"row-2055910471\">\n\n\n\t<div id=\"col-1300002427\" class=\"col medium-6 small-12 large-6\"  >\n\t\t<div class=\"col-inner text-center\"  >\n\t\t\t\n\t\t\t\n\n\t<div class=\"img has-hover x md-x lg-x y md-y lg-y\" id=\"image_1404283646\">\n\t\t\t\t\t\t\t\t<div class=\"img-inner dark\" >\n\t\t\t<img loading=\"lazy\" decoding=\"async\" width=\"1020\" height=\"1020\" src=\"https:\/\/swingenieria.com\/wp-content\/uploads\/2023\/06\/cool-space-500-feature-desktop-1024x1024.jpg\" class=\"attachment-large size-large\" alt=\"\" srcset=\"https:\/\/swingenieria.com\/wp-content\/uploads\/2023\/06\/cool-space-500-feature-desktop-1024x1024.jpg 1024w, https:\/\/swingenieria.com\/wp-content\/uploads\/2023\/06\/cool-space-500-feature-desktop-300x300.jpg 300w, https:\/\/swingenieria.com\/wp-content\/uploads\/2023\/06\/cool-space-500-feature-desktop-150x150.jpg 150w, https:\/\/swingenieria.com\/wp-content\/uploads\/2023\/06\/cool-space-500-feature-desktop-768x768.jpg 768w, https:\/\/swingenieria.com\/wp-content\/uploads\/2023\/06\/cool-space-500-feature-desktop.jpg 1200w\" sizes=\"auto, (max-width: 1020px) 100vw, 1020px\" \/>\t\t\t\t\t\t\n\t\t\t\t\t<\/div>\n\t\t\t\t\t\t\t\t\n<style>\n#image_1404283646 {\n  width: 100%;\n}\n<\/style>\n\t<\/div>\n\t\n\n\n\t\t<\/div>\n\t\t\t<\/div>\n\n\t\n\n\t<div id=\"col-1745177785\" class=\"col medium-6 small-12 large-6\"  >\n\t\t<div class=\"col-inner text-center\"  >\n\t\t\t\n\t\t\t\n\n\t<div id=\"text-519509895\" class=\"text\">\n\t\t\n\n<h2>Cool Space 400<\/h2>\n\t\t\n<style>\n#text-519509895 {\n  font-size: 1.25rem;\n  text-align: center;\n}\n<\/style>\n\t<\/div>\n\t\n\t<div id=\"gap-1516198872\" class=\"gap-element clearfix\" style=\"display:block; height:auto;\">\n\t\t\n<style>\n#gap-1516198872 {\n  padding-top: 10px;\n}\n@media (min-width:550px) {\n  #gap-1516198872 {\n    padding-top: 30px;\n  }\n}\n<\/style>\n\t<\/div>\n\t\n\n\t<div id=\"text-782209806\" class=\"text\">\n\t\t\n\n<ul>\n<li><span style=\"font-weight: 400;\">Enfriamiento r\u00e1pido de los espacios interiores o exteriores hasta 10\u00b0C<\/span><\/li>\n<li><span style=\"font-weight: 400;\">\u00c1rea de cobertura de hasta 350 metros cuadrados por equipo<\/span><\/li>\n<li>Medio de enfriamiento patentado para optimizar la transferencia de calor y el enfriamiento<\/li>\n<li><span style=\"font-weight: 400;\">Di\u00e1metro del ventilador de 91 cm<\/span><\/li>\n<li><span style=\"font-weight: 400;\">Dep\u00f3sito de 174 litros con autonom\u00eda de 1 d\u00eda de trabajo<\/span><\/li>\n<li><span style=\"font-weight: 400;\">Flujo de aire 9700 CFM<\/span><\/li>\n<li><span style=\"font-weight: 400;\">Silencioso motor con velocidad variable 0.75 hp (0.5 kW)<\/span><\/li>\n<li><span style=\"font-weight: 400;\">Nivel sonoro 60 dBA<\/span><\/li>\n<li><span style=\"font-weight: 400;\">Nivel de agua regulado autom\u00e1ticamente mediante v\u00e1lvula de flotador<\/span><\/li>\n<li>Con mangueras est\u00e1ndar<\/li>\n<li><span style=\"font-weight: 400;\">Tap\u00f3n de drenaje y v\u00e1lvula de desag\u00fce para eliminar el agua<\/span><\/li>\n<li>Tecnolog\u00eda y fabricaci\u00f3n americana<\/li>\n<\/ul>\n\t\t\n<style>\n#text-782209806 {\n  font-size: 1rem;\n  text-align: left;\n}\n<\/style>\n\t<\/div>\n\t\n\t<div id=\"gap-624112419\" class=\"gap-element clearfix\" style=\"display:block; height:auto;\">\n\t\t\n<style>\n#gap-624112419 {\n  padding-top: 30px;\n}\n<\/style>\n\t<\/div>\n\t\n\n<a href=\"https:\/\/wa.me\/message\/JV7J6TEMDNP3D1\" target=\"_self\" class=\"button primary\"  style=\"border-radius:15px;\">\n    <span>cotiza ahora<\/span>\n  <\/a>\n\n\n<a rel=\"noopener noreferrer\" href=\"https:\/\/bigassfans.com\/docs\/evap-coolers\/cutsheet-cool-space-400-es.pdf\" target=\"_blank\" class=\"button primary\"  style=\"border-radius:15px;\">\n    <span>ficha t\u00e9cnica<\/span>\n  <\/a>\n\n\n\n\t\t<\/div>\n\t\t\t<\/div>\n\n\t\n\n<\/div>\n<div class=\"text-center\"><div class=\"is-divider divider clearfix\" style=\"max-width:1920px;background-color:rgb(17, 176, 97);\"><\/div><\/div>\n\n\n\t\t<\/div>\n\n\t\t\n<style>\n#section_1349875351 {\n  padding-top: 30px;\n  padding-bottom: 30px;\n}\n<\/style>\n\t<\/section>\n\t\n\t<section class=\"section show-for-small\" id=\"section_1233404984\">\n\t\t<div class=\"bg section-bg fill bg-fill  bg-loaded\" >\n\n\t\t\t\n\t\t\t\n\t\t\t\n\n\t\t<\/div>\n\n\t\t<div class=\"section-content relative\">\n\t\t\t\n\n<div class=\"row align-center\"  id=\"row-1345644715\">\n\n\n\t<div id=\"col-394642729\" class=\"col medium-6 small-12 large-6\"  >\n\t\t<div class=\"col-inner text-center\"  >\n\t\t\t\n\t\t\t\n\n\t<div class=\"img has-hover x md-x lg-x y md-y lg-y\" id=\"image_438496999\">\n\t\t\t\t\t\t\t\t<div class=\"img-inner image-cover dark\" style=\"padding-top:100%;\">\n\t\t\t<img loading=\"lazy\" decoding=\"async\" width=\"827\" height=\"705\" src=\"https:\/\/swingenieria.com\/wp-content\/uploads\/2023\/06\/cool-space-500.jpg\" class=\"attachment-original size-original\" alt=\"\" srcset=\"https:\/\/swingenieria.com\/wp-content\/uploads\/2023\/06\/cool-space-500.jpg 827w, https:\/\/swingenieria.com\/wp-content\/uploads\/2023\/06\/cool-space-500-300x256.jpg 300w, https:\/\/swingenieria.com\/wp-content\/uploads\/2023\/06\/cool-space-500-768x655.jpg 768w\" sizes=\"auto, (max-width: 827px) 100vw, 827px\" \/>\t\t\t\t\t\t\n\t\t\t\t\t<\/div>\n\t\t\t\t\t\t\t\t\n<style>\n#image_438496999 {\n  width: 100%;\n}\n@media (min-width:850px) {\n  #image_438496999 {\n    width: 100%;\n  }\n}\n<\/style>\n\t<\/div>\n\t\n\n\n\t\t<\/div>\n\t\t\t<\/div>\n\n\t\n\n\t<div id=\"col-1765734463\" class=\"col medium-6 small-12 large-6\"  >\n\t\t<div class=\"col-inner text-center\"  >\n\t\t\t\n\t\t\t\n\n\t<div id=\"text-3716813610\" class=\"text\">\n\t\t\n\n<h2>Cool-Front 500<\/h2>\n\t\t\n<style>\n#text-3716813610 {\n  font-size: 1.25rem;\n  text-align: center;\n}\n<\/style>\n\t<\/div>\n\t\n\t<div id=\"gap-1782021863\" class=\"gap-element clearfix\" style=\"display:block; height:auto;\">\n\t\t\n<style>\n#gap-1782021863 {\n  padding-top: 10px;\n}\n@media (min-width:550px) {\n  #gap-1782021863 {\n    padding-top: 30px;\n  }\n}\n<\/style>\n\t<\/div>\n\t\n\n\t<div id=\"text-2653369977\" class=\"text\">\n\t\t\n\n<ul>\n<li>Enfriamiento r\u00e1pido de los espacios interiores o exteriores hasta 10\u00b0C<\/li>\n<li>\u00c1rea de cobertura de hasta 600 cm<\/li>\n<li>Medios de enfriamiento tratados con resina de 20 cm<\/li>\n<li>Di\u00e1metro del ventilador de 127cm<\/li>\n<li><span style=\"font-weight: 400;\">Dep\u00f3sito de 242 litros con autonom\u00eda de hasta 10 horas<\/span><\/li>\n<li>Flujo de aire 24000 CFM<\/li>\n<li>Silencioso motor con velocidad variable 1.5 hp (1.1 kW)<\/li>\n<li><span style=\"font-weight: 400;\">Nivel sonoro 60 dBA<\/span><\/li>\n<li><span style=\"font-weight: 400;\">Nivel de agua regulado mediante v\u00e1lvula de flotador<\/span><\/li>\n<li><span style=\"font-weight: 400;\">Compatible con manguera de jard\u00edn est\u00e1ndar<\/span><\/li>\n<li><span style=\"font-weight: 400;\">Tap\u00f3n de drenaje y v\u00e1lvula de desag\u00fce para eliminar el agua<\/span><\/li>\n<\/ul>\n\t\t\n<style>\n#text-2653369977 {\n  font-size: 1rem;\n  text-align: left;\n}\n<\/style>\n\t<\/div>\n\t\n\t<div id=\"gap-2005491083\" class=\"gap-element clearfix\" style=\"display:block; height:auto;\">\n\t\t\n<style>\n#gap-2005491083 {\n  padding-top: 30px;\n}\n<\/style>\n\t<\/div>\n\t\n\n<a href=\"https:\/\/wa.me\/message\/JV7J6TEMDNP3D1\" target=\"_self\" class=\"button primary\"  style=\"border-radius:15px;\">\n    <span>cotiza ahora<\/span>\n  <\/a>\n\n\n<a class=\"button primary\"  style=\"border-radius:15px;\">\n    <span>ficha t\u00e9cnica<\/span>\n  <\/a>\n\n\n\n\t\t<\/div>\n\t\t\t<\/div>\n\n\t\n\n<\/div>\n<div class=\"text-center\"><div class=\"is-divider divider clearfix\" style=\"max-width:1920px;background-color:rgb(17, 176, 97);\"><\/div><\/div>\n\n\n\t\t<\/div>\n\n\t\t\n<style>\n#section_1233404984 {\n  padding-top: 30px;\n  padding-bottom: 30px;\n}\n<\/style>\n\t<\/section>\n\t\n\t<section class=\"section hide-for-medium\" id=\"section_1897588475\">\n\t\t<div class=\"bg section-bg fill bg-fill  bg-loaded\" >\n\n\t\t\t\n\t\t\t\n\t\t\t\n\n\t\t<\/div>\n\n\t\t<div class=\"section-content relative\">\n\t\t\t\n\n<div class=\"row align-center\"  id=\"row-322427952\">\n\n\n\t<div id=\"col-274945204\" class=\"col medium-6 small-12 large-6\"  >\n\t\t<div class=\"col-inner text-center\"  >\n\t\t\t\n\t\t\t\n\n\t<div id=\"text-562438315\" class=\"text\">\n\t\t\n\n<h2>Cool Space 500<\/h2>\n\t\t\n<style>\n#text-562438315 {\n  font-size: 1.25rem;\n  text-align: center;\n}\n<\/style>\n\t<\/div>\n\t\n\t<div id=\"text-1888818543\" class=\"text\">\n\t\t\n\n<ul>\n<li>Enfriamiento r\u00e1pido de los espacios interiores o exteriores hasta 10\u00b0C<\/li>\n<li>\u00c1rea de cobertura de hasta 600 metros cuadrados por equipo<\/li>\n<li>Medio de enfriamiento patentado para optimizar la transferencia de calor y el enfriamiento<\/li>\n<li>Di\u00e1metro del ventilador de 127cm<\/li>\n<li><span style=\"font-weight: 400;\">Dep\u00f3sito de 242 litros con autonom\u00eda&nbsp;de 1 d\u00eda de trabajo<\/span><\/li>\n<li>Flujo de aire 24000 CFM<\/li>\n<li>Silencioso motor con velocidad variable 1.5 hp (1.1 kW)<\/li>\n<li><span style=\"font-weight: 400;\">Nivel sonoro 60 dBA<\/span><\/li>\n<li><span style=\"font-weight: 400;\">Nivel de agua regulado autom\u00e1ticamente mediante v\u00e1lvula de flotador<\/span><\/li>\n<li>Con mangueras est\u00e1ndar<\/li>\n<li><span style=\"font-weight: 400;\">Tap\u00f3n de drenaje y v\u00e1lvula de desag\u00fce para eliminar el agua<\/span><\/li>\n<li>Tecnolog\u00eda y fabricaci\u00f3n americana<\/li>\n<\/ul>\n\t\t\n<style>\n#text-1888818543 {\n  font-size: 1rem;\n  text-align: left;\n}\n<\/style>\n\t<\/div>\n\t\n\t<div id=\"gap-918557161\" class=\"gap-element clearfix\" style=\"display:block; height:auto;\">\n\t\t\n<style>\n#gap-918557161 {\n  padding-top: 30px;\n}\n<\/style>\n\t<\/div>\n\t\n\n<a class=\"button primary\"  style=\"border-radius:15px;\">\n    <span>ficha t\u00e9cnica<\/span>\n  <\/a>\n\n\n<a href=\"https:\/\/wa.me\/message\/JV7J6TEMDNP3D1\" target=\"_self\" class=\"button primary\"  style=\"border-radius:15px;\">\n    <span>cotiza ahora<\/span>\n  <\/a>\n\n\n\t<div id=\"gap-1639077404\" class=\"gap-element clearfix\" style=\"display:block; height:auto;\">\n\t\t\n<style>\n#gap-1639077404 {\n  padding-top: 30px;\n}\n<\/style>\n\t<\/div>\n\t\n\n\n\t\t<\/div>\n\t\t\t<\/div>\n\n\t\n\n\t<div id=\"col-832319147\" class=\"col medium-6 small-12 large-6\"  >\n\t\t<div class=\"col-inner text-center\"  >\n\t\t\t\n\t\t\t\n\n\t<div class=\"img has-hover x md-x lg-x y md-y lg-y\" id=\"image_765543632\">\n\t\t\t\t\t\t\t\t<div class=\"img-inner image-cover dark\" style=\"padding-top:100%;\">\n\t\t\t<img loading=\"lazy\" decoding=\"async\" width=\"827\" height=\"705\" src=\"https:\/\/swingenieria.com\/wp-content\/uploads\/2023\/06\/cool-space-500.jpg\" class=\"attachment-original size-original\" alt=\"\" srcset=\"https:\/\/swingenieria.com\/wp-content\/uploads\/2023\/06\/cool-space-500.jpg 827w, https:\/\/swingenieria.com\/wp-content\/uploads\/2023\/06\/cool-space-500-300x256.jpg 300w, https:\/\/swingenieria.com\/wp-content\/uploads\/2023\/06\/cool-space-500-768x655.jpg 768w\" sizes=\"auto, (max-width: 827px) 100vw, 827px\" \/>\t\t\t\t\t\t\n\t\t\t\t\t<\/div>\n\t\t\t\t\t\t\t\t\n<style>\n#image_765543632 {\n  width: 100%;\n}\n@media (min-width:850px) {\n  #image_765543632 {\n    width: 100%;\n  }\n}\n<\/style>\n\t<\/div>\n\t\n\n\n\t\t<\/div>\n\t\t\t<\/div>\n\n\t\n\n<\/div>\n<div class=\"text-center\"><div class=\"is-divider divider clearfix\" style=\"max-width:1920px;background-color:rgb(17, 176, 97);\"><\/div><\/div>\n\n\n\t\t<\/div>\n\n\t\t\n<style>\n#section_1897588475 {\n  padding-top: 30px;\n  padding-bottom: 30px;\n}\n<\/style>\n\t<\/section>\n\t\n\t<section class=\"section\" id=\"section_1097344762\">\n\t\t<div class=\"bg section-bg fill bg-fill  bg-loaded\" >\n\n\t\t\t\n\t\t\t\n\t\t\t\n\n\t\t<\/div>\n\n\t\t<div class=\"section-content relative\">\n\t\t\t\n\n<div class=\"row align-equal align-center\"  id=\"row-1965386667\">\n\n\n\t<div id=\"col-1845992107\" class=\"col small-12 large-12\"  >\n\t\t<div class=\"col-inner\"  >\n\t\t\t\n\t\t\t\n\n\t<div id=\"text-2148904058\" class=\"text\">\n\t\t\n\n<h3 class=\"thin-font\"><span style=\"font-weight: 400;\"><strong>Cool Space<\/strong> convierte los ambientes c\u00e1lidos y desagradables en espacios frescos y c\u00f3modos con un funcionamiento impresionantemente silencioso y de bajo consumo, incluso en exteriores. <\/span><\/h3>\n\t\t\n<style>\n#text-2148904058 {\n  font-size: 1.25rem;\n}\n<\/style>\n\t<\/div>\n\t\n\n\t\t<\/div>\n\t\t\n<style>\n#col-1845992107 > .col-inner {\n  padding: 0px 0px 0px 0px;\n}\n<\/style>\n\t<\/div>\n\n\t\n\n<\/div>\n\n\t\t<\/div>\n\n\t\t\n<style>\n#section_1097344762 {\n  padding-top: 0px;\n  padding-bottom: 0px;\n}\n@media (min-width:550px) {\n  #section_1097344762 {\n    padding-top: 0px;\n    padding-bottom: 0px;\n  }\n}\n<\/style>\n\t<\/section>\n\t\n\t<section class=\"section\" id=\"section_320591476\">\n\t\t<div class=\"bg section-bg fill bg-fill  bg-loaded\" >\n\n\t\t\t\n\t\t\t\n\t\t\t\n\n\t\t<\/div>\n\n\t\t<div class=\"section-content relative\">\n\t\t\t\n\n<div class=\"row align-center\"  id=\"row-35674748\">\n\n\n\t<div id=\"col-1954166787\" class=\"col medium-6 small-12 large-6\"  >\n\t\t<div class=\"col-inner\"  >\n\t\t\t\n\t\t\t\n\n\t<div class=\"img has-hover x md-x lg-x y md-y lg-y\" id=\"image_1780446623\">\n\t\t\t\t\t\t\t\t<div class=\"img-inner dark\" >\n\t\t\t<img loading=\"lazy\" decoding=\"async\" width=\"2000\" height=\"1333\" src=\"https:\/\/swingenieria.com\/wp-content\/uploads\/2023\/06\/D7A6658.jpg\" class=\"attachment-original size-original\" alt=\"\" srcset=\"https:\/\/swingenieria.com\/wp-content\/uploads\/2023\/06\/D7A6658.jpg 2000w, https:\/\/swingenieria.com\/wp-content\/uploads\/2023\/06\/D7A6658-300x200.jpg 300w, https:\/\/swingenieria.com\/wp-content\/uploads\/2023\/06\/D7A6658-1024x682.jpg 1024w, https:\/\/swingenieria.com\/wp-content\/uploads\/2023\/06\/D7A6658-768x512.jpg 768w, https:\/\/swingenieria.com\/wp-content\/uploads\/2023\/06\/D7A6658-1536x1024.jpg 1536w\" sizes=\"auto, (max-width: 2000px) 100vw, 2000px\" \/>\t\t\t\t\t\t\n\t\t\t\t\t<\/div>\n\t\t\t\t\t\t\t\t\n<style>\n#image_1780446623 {\n  width: 100%;\n}\n<\/style>\n\t<\/div>\n\t\n\n\n\t\t<\/div>\n\t\t\t<\/div>\n\n\t\n\n\t<div id=\"col-189579830\" class=\"col medium-4 small-12 large-4\"  >\n\t\t<div class=\"col-inner text-center\"  >\n\t\t\t\n\t\t\t\n\n\t<div id=\"text-554643593\" class=\"text\">\n\t\t\n\n<h2>\nEnfriadores evaporativos ideales para:\n<\/h2>\n\t\t\n<style>\n#text-554643593 {\n  font-size: 1rem;\n  text-align: center;\n}\n<\/style>\n\t<\/div>\n\t\n\t<div id=\"gap-2033494651\" class=\"gap-element clearfix\" style=\"display:block; height:auto;\">\n\t\t\n<style>\n#gap-2033494651 {\n  padding-top: 10px;\n}\n@media (min-width:550px) {\n  #gap-2033494651 {\n    padding-top: 30px;\n  }\n}\n<\/style>\n\t<\/div>\n\t\n\n\t<div id=\"text-1158491871\" class=\"text\">\n\t\t\n\n<ul>\n<li style=\"font-weight: 400;\" aria-level=\"1\"><span style=\"font-weight: 400;\">Plantas de procesamiento de productos frescos&nbsp;<\/span><\/li>\n<li style=\"font-weight: 400;\" aria-level=\"1\"><span style=\"font-weight: 400;\">Almacenes industriales<\/span><\/li>\n<li style=\"font-weight: 400;\" aria-level=\"1\"><span style=\"font-weight: 400;\">Galpones Agropecuarios<\/span><\/li>\n<li style=\"font-weight: 400;\" aria-level=\"1\"><span style=\"font-weight: 400;\">Talleres automotrices<\/span><\/li>\n<li style=\"font-weight: 400;\" aria-level=\"1\"><span style=\"font-weight: 400;\">Oficinas de gran tama\u00f1o \/ Call Center<\/span><\/li>\n<li style=\"font-weight: 400;\" aria-level=\"1\"><span style=\"font-weight: 400;\">F\u00e1bricas<\/span><\/li>\n<li style=\"font-weight: 400;\" aria-level=\"1\"><span style=\"font-weight: 400;\">Muchos m\u00e1s<\/span><\/li>\n<\/ul>\n\t\t\n<style>\n#text-1158491871 {\n  font-size: 1rem;\n  text-align: left;\n}\n<\/style>\n\t<\/div>\n\t\n\n\t\t<\/div>\n\t\t\t<\/div>\n\n\t\n\n<\/div>\n\n\t\t<\/div>\n\n\t\t\n<style>\n#section_320591476 {\n  padding-top: 0px;\n  padding-bottom: 0px;\n}\n@media (min-width:550px) {\n  #section_320591476 {\n    padding-top: 30px;\n    padding-bottom: 30px;\n  }\n}\n<\/style>\n\t<\/section>\n\t\n\t<section class=\"section\" id=\"section_828462460\">\n\t\t<div class=\"bg section-bg fill bg-fill  bg-loaded\" >\n\n\t\t\t\n\t\t\t\n\t\t\t\n\n\t\t<\/div>\n\n\t\t<div class=\"section-content relative\">\n\t\t\t\n\n<div class=\"row align-middle align-center\"  id=\"row-762002876\">\n\n\n\t<div id=\"col-1324003322\" class=\"col medium-9 small-12 large-9\"  >\n\t\t<div class=\"col-inner text-center\"  >\n\t\t\t\n\t\t\t\n\n\t<div id=\"gap-500346354\" class=\"gap-element clearfix\" style=\"display:block; height:auto;\">\n\t\t\n<style>\n#gap-500346354 {\n  padding-top: 30px;\n}\n<\/style>\n\t<\/div>\n\t\n\n\t<div id=\"text-4102290874\" class=\"text\">\n\t\t\n\n<p>Ser derrotado por el calor ya no es una opci\u00f3n. D\u00e9 el primer paso poni\u00e9ndose en contacto con un experto en flujo de aire para analizar sus necesidades de refrigeraci\u00f3n y obtener un presupuesto personalizado sin compromisos. Llame ahora al +51922330784\n<\/p>\n\t\t\n<style>\n#text-4102290874 {\n  font-size: 1.25rem;\n  color: rgb(255,255,255);\n}\n#text-4102290874 > * {\n  color: rgb(255,255,255);\n}\n<\/style>\n\t<\/div>\n\t\n\n\t\t<\/div>\n\t\t\t<\/div>\n\n\t\n\n\t<div id=\"col-1502798473\" class=\"col medium-3 small-12 large-3\"  >\n\t\t<div class=\"col-inner text-center\"  >\n\t\t\t\n\t\t\t\n\n<a data-animate=\"fadeInLeft\" href=\"https:\/\/wa.me\/message\/JV7J6TEMDNP3D1\" target=\"_self\" class=\"button secondary is-larger\"  style=\"border-radius:15px;\">\n    <span>cotiza ahora<\/span>\n  <\/a>\n\n\n\n\t\t<\/div>\n\t\t\t<\/div>\n\n\t\n\n<\/div>\n\n\t\t<\/div>\n\n\t\t\n<style>\n#section_828462460 {\n  padding-top: 30px;\n  padding-bottom: 30px;\n  background-color: #11b061;\n}\n<\/style>\n\t<\/section>\n\t\n\t<section class=\"section dark\" id=\"section_1385834489\">\n\t\t<div class=\"bg section-bg fill bg-fill  bg-loaded\" >\n\n\t\t\t\n\t\t\t<div class=\"section-bg-overlay absolute fill\"><\/div>\n\t\t\t\n\n\t\t<\/div>\n\n\t\t<div class=\"section-content relative\">\n\t\t\t\n\n<div class=\"row\"  id=\"row-1556780669\">\n\n\n\t<div id=\"col-339902920\" class=\"col small-12 large-12\"  >\n\t\t<div class=\"col-inner text-center\"  >\n\t\t\t\n\t\t\t\n\n<div class=\"ux-logo has-hover align-middle ux_logo inline-block\" style=\"max-width: 100%!important; width: 253px!important\"><div class=\"ux-logo-link block image-\" title=\"\"  href=\"\" style=\"padding: 15px;\"><img decoding=\"async\" src=\"https:\/\/swingenieria.com\/wp-content\/uploads\/2023\/04\/logo-swingenieria.png\" title=\"\" alt=\"\" class=\"ux-logo-image block\" style=\"height:80px;\" \/><\/div><\/div>\n\n\n\t\t<\/div>\n\t\t\n<style>\n#col-339902920 > .col-inner {\n  padding: 30px 0px 0px 0px;\n}\n<\/style>\n\t<\/div>\n\n\t\n\n<\/div>\n\t<div id=\"gap-232836625\" class=\"gap-element clearfix\" style=\"display:block; height:auto;\">\n\t\t\n<style>\n#gap-232836625 {\n  padding-top: 30px;\n}\n<\/style>\n\t<\/div>\n\t\n\n<div class=\"row\"  id=\"row-1513480359\">\n\n\n\t<div id=\"col-1503405452\" class=\"col medium-4 small-12 large-4\"  >\n\t\t<div class=\"col-inner text-center\"  >\n\t\t\t\n\t\t\t\n\n<p>Calle Alcanfores 1245, Miraflores&nbsp;<br \/>Lima-Per\u00fa<\/p>\n\n\t\t<\/div>\n\t\t\t<\/div>\n\n\t\n\n\t<div id=\"col-1162920554\" class=\"col medium-4 small-12 large-4\"  >\n\t\t<div class=\"col-inner text-center\"  >\n\t\t\t\n\t\t\t\n\n<p><a href=\"mailto:comercial@swingenieria.com\">comercial@swingenieria.com<\/a><br \/><a href=\"alvaro@swingenieria.com\">alvaro@swingenieria.com<\/a><br \/><a\nhref=\"mailto:aplicaciones@swingenieria.com\">aplicaciones@swingenieria.com<\/a><br \/><a< p=\"\"><\/a<><\/p>\n\n\t\t<\/div>\n\t\t\t<\/div>\n\n\t\n\n\t<div id=\"col-1369783503\" class=\"col medium-4 small-12 large-4\"  >\n\t\t<div class=\"col-inner text-center\"  >\n\t\t\t\n\t\t\t\n\n<\/p>\n<p><a href=\"https:\/\/swingenieria.com\/index.php\/contacto\/\">Contacto<\/a><p><a href=\"https:\/\/swingenieria.com\/index.php\/contacto\/\">922330784<\/a><\/p>\n\n\t\t<\/div>\n\t\t\t<\/div>\n\n\t\n\n<\/div>\n<div class=\"social-icons follow-icons full-width text-center\" style=\"font-size:110%\"><a href=\"mailto:comercial@swingenieria.com\" data-label=\"E-mail\"  rel=\"nofollow\" class=\"icon plain  email tooltip\" title=\"Env\u00edanos un email\"><i class=\"icon-envelop\" ><\/i><\/a><a href=\"https:\/\/www.linkedin.com\/company\/sw-ingenier%C3%ADa-agroindustrial\/\" target=\"_blank\" rel=\"noopener noreferrer nofollow\" data-label=\"LinkedIn\" class=\"icon plain  linkedin tooltip\" title=\"Follow on LinkedIn\"><i class=\"icon-linkedin\" ><\/i><\/a><\/div>\n\n\t<div id=\"gap-646205611\" class=\"gap-element clearfix\" style=\"display:block; height:auto;\">\n\t\t\n<style>\n#gap-646205611 {\n  padding-top: 30px;\n}\n<\/style>\n\t<\/div>\n\t\n\n\n\t\t<\/div>\n\n\t\t\n<style>\n#section_1385834489 {\n  padding-top: 30px;\n  padding-bottom: 30px;\n  background-color: rgb(47, 47, 47);\n}\n#section_1385834489 .section-bg-overlay {\n  background-color: rgba(0,0,0,.5);\n}\n@media (min-width:850px) {\n  #section_1385834489 {\n    padding-top: 30px;\n    padding-bottom: 30px;\n  }\n}\n<\/style>\n\t<\/section>\n\t\n\n","protected":false},"excerpt":{"rendered":"","protected":false},"author":1,"featured_media":0,"parent":0,"menu_order":0,"comment_status":"closed","ping_status":"closed","template":"page-blank.php","meta":{"footnotes":""},"class_list":["post-553","page","type-page","status-publish","hentry"],"_links":{"self":[{"href":"https:\/\/swingenieria.com\/index.php\/wp-json\/wp\/v2\/pages\/553","targetHints":{"allow":["GET"]}}],"collection":[{"href":"https:\/\/swingenieria.com\/index.php\/wp-json\/wp\/v2\/pages"}],"about":[{"href":"https:\/\/swingenieria.com\/index.php\/wp-json\/wp\/v2\/types\/page"}],"author":[{"embeddable":true,"href":"https:\/\/swingenieria.com\/index.php\/wp-json\/wp\/v2\/users\/1"}],"replies":[{"embeddable":true,"href":"https:\/\/swingenieria.com\/index.php\/wp-json\/wp\/v2\/comments?post=553"}],"version-history":[{"count":71,"href":"https:\/\/swingenieria.com\/index.php\/wp-json\/wp\/v2\/pages\/553\/revisions"}],"predecessor-version":[{"id":824,"href":"https:\/\/swingenieria.com\/index.php\/wp-json\/wp\/v2\/pages\/553\/revisions\/824"}],"wp:attachment":[{"href":"https:\/\/swingenieria.com\/index.php\/wp-json\/wp\/v2\/media?parent=553"}],"curies":[{"name":"wp","href":"https:\/\/api.w.org\/{rel}","templated":true}]}}