{"id":685,"date":"2023-06-26T16:07:55","date_gmt":"2023-06-26T16:07:55","guid":{"rendered":"https:\/\/swingenieria.com\/?page_id=685"},"modified":"2024-04-08T09:00:53","modified_gmt":"2024-04-08T09:00:53","slug":"ventiladores-industriales","status":"publish","type":"page","link":"https:\/\/swingenieria.com\/index.php\/ventiladores-industriales\/","title":{"rendered":"Ventiladores industriales"},"content":{"rendered":"\n\n  <div class=\"banner has-hover has-video\" id=\"banner-184007397\">\n          <div class=\"banner-inner fill\">\n        <div class=\"banner-bg fill\" >\n            <div class=\"bg fill bg-fill \"><\/div>\n            \t<div class=\"video-overlay no-click fill visible\"><\/div>\n\t<video class=\"video-bg fill visible\" preload playsinline autoplay\n\t\tmuted\t\tloop>\n\t\t<source src=\"https:\/\/swingenieria.com\/wp-content\/uploads\/2023\/06\/powerfoil-d-feature.mp4\" type=\"video\/mp4\">\t<\/video>\n                        \n                    <\/div>\n        <div class=\"banner-layers container\">\n            <div class=\"fill banner-link\"><\/div>            \n\n\n        <\/div>\n      <\/div>\n\n            \n<style>\n#banner-184007397 {\n  padding-top: 400px;\n}\n<\/style>\n  <\/div>\n\n\n<div class=\"row align-center\"  id=\"row-626435066\">\n\n\n\t<div id=\"col-418319613\" class=\"col medium-10 small-12 large-10\"  >\n\t\t<div class=\"col-inner text-center\"  >\n\t\t\t\n\t\t\t\n\n<p><span style=\"font-weight: 400;\">Impulsados a ser los mejores, los ventiladores industriales Big Ass Fans no solo desaf\u00edan lo convencional, sino que tambi\u00e9n promueven la comodidad del espacio de trabajo como su misi\u00f3n central, manteniendose inquebrantables en su compromiso con la salud, seguridad y confort de los empleados. Cada producto dise\u00f1ado y cada avance logrado por Big Ass Fans garantiza la m\u00e1xima eficiencia operativa en espacios industriales. Los ventiladores Big Ass Fans establecen el est\u00e1ndar de la industria en calidad y rendimiento. Desde el ahorro de energ\u00eda y la reducci\u00f3n de costos operativos hasta la optimizaci\u00f3n del rendimiento y la productividad de los empleados, los ventiladores Big Ass Fans tienen \u00e9xito donde otros fallan, demostrando que cuando sus clientes prosperan, la marca tambi\u00e9n lo hace. Es, en definitiva, una f\u00f3rmula ganadora para todos.<\/span><\/p>\n\n\t\t<\/div>\n\t\t\t<\/div>\n\n\t\n\n<\/div>\n\t<section class=\"section\" id=\"section_168613077\">\n\t\t<div class=\"bg section-bg fill bg-fill  bg-loaded\" >\n\n\t\t\t\n\t\t\t\n\t\t\t\n\n\t\t<\/div>\n\n\t\t<div class=\"section-content relative\">\n\t\t\t\n\n<div class=\"row align-center\"  id=\"row-708715886\">\n\n\n\t<div id=\"col-414471680\" class=\"col medium-6 small-12 large-6\"  >\n\t\t<div class=\"col-inner text-center\"  >\n\t\t\t\n\t\t\t\n\n\t<div class=\"img has-hover x md-x lg-x y md-y lg-y\" id=\"image_472473945\">\n\t\t\t\t\t\t\t\t<div class=\"img-inner dark\" >\n\t\t\t<img loading=\"lazy\" decoding=\"async\" width=\"1020\" height=\"1020\" src=\"https:\/\/swingenieria.com\/wp-content\/uploads\/2023\/06\/basic-6-feature-desktop-1024x1024.jpg\" class=\"attachment-large size-large\" alt=\"\" srcset=\"https:\/\/swingenieria.com\/wp-content\/uploads\/2023\/06\/basic-6-feature-desktop-1024x1024.jpg 1024w, https:\/\/swingenieria.com\/wp-content\/uploads\/2023\/06\/basic-6-feature-desktop-300x300.jpg 300w, https:\/\/swingenieria.com\/wp-content\/uploads\/2023\/06\/basic-6-feature-desktop-150x150.jpg 150w, https:\/\/swingenieria.com\/wp-content\/uploads\/2023\/06\/basic-6-feature-desktop-768x768.jpg 768w, https:\/\/swingenieria.com\/wp-content\/uploads\/2023\/06\/basic-6-feature-desktop.jpg 1200w\" sizes=\"auto, (max-width: 1020px) 100vw, 1020px\" \/>\t\t\t\t\t\t\n\t\t\t\t\t<\/div>\n\t\t\t\t\t\t\t\t\n<style>\n#image_472473945 {\n  width: 100%;\n}\n<\/style>\n\t<\/div>\n\t\n\n\n\t\t<\/div>\n\t\t\t<\/div>\n\n\t\n\n\t<div id=\"col-1599382905\" class=\"col medium-6 small-12 large-6\"  >\n\t\t<div class=\"col-inner text-center\"  >\n\t\t\t\n\t\t\t\n\n\t<div id=\"text-2093644131\" class=\"text\">\n\t\t\n\n<h2><span style=\"font-weight: 400;\">Powerfoil Basic 6<\/span><\/h2>\n\t\t\n<style>\n#text-2093644131 {\n  font-size: 1.25rem;\n  text-align: center;\n}\n<\/style>\n\t<\/div>\n\t\n\t<div id=\"gap-2113969592\" class=\"gap-element clearfix\" style=\"display:block; height:auto;\">\n\t\t\n<style>\n#gap-2113969592 {\n  padding-top: 10px;\n}\n@media (min-width:550px) {\n  #gap-2113969592 {\n    padding-top: 30px;\n  }\n}\n<\/style>\n\t<\/div>\n\t\n\n\t<div id=\"text-1235766895\" class=\"text\">\n\t\t\n\n<ul>\n<li><span style=\"font-weight: 400;\">Opciones de hasta 24 pies de di\u00e1metro<\/span><\/li>\n<li><span style=\"font-weight: 400;\">Seis superficies aerodin\u00e1micas de aluminio con winglets y restricciones de seguridad<\/span><\/li>\n<li><span style=\"font-weight: 400;\">Motor de grado industrial con caja de engranajes helicoidales sellada para un funcionamiento suave y duradero<\/span><\/li>\n<li><span style=\"font-weight: 400;\">El sistema de cubo cortado a m\u00e1quina distribuye uniformemente la carga y promueve una larga vida \u00fatil<\/span><\/li>\n<li><span style=\"font-weight: 400;\">Se monta en vigas en I, vigas de barra, vigas s\u00f3lidas y correas<\/span><\/li>\n<li style=\"font-weight: 400;\" aria-level=\"1\"><span style=\"font-weight: 400;\">Las s\u00f3lidas funciones de seguridad mantienen a los trabajadores frescos y seguros<\/span><\/li>\n<li style=\"font-weight: 400;\" aria-level=\"1\"><span style=\"font-weight: 400;\">Operaci\u00f3n de velocidad variable con un controlador de pantalla t\u00e1ctil digital conveniente e intuitivo<\/span><\/li>\n<li style=\"font-weight: 400;\" aria-level=\"1\"><span style=\"font-weight: 400;\">La amplia cobertura del flujo de aire mejora la eficiencia HVAC existente de su espacio<\/span><\/li>\n<li style=\"font-weight: 400;\" aria-level=\"1\"><span style=\"font-weight: 400;\">Integraci\u00f3n del panel de control de incendios del ventilador HVLS<\/span><\/li>\n<li style=\"font-weight: 400;\" aria-level=\"1\"><span style=\"font-weight: 400;\">F\u00e1cil integraci\u00f3n BACNET<\/span><\/li>\n<\/ul>\n\t\t\n<style>\n#text-1235766895 {\n  font-size: 1rem;\n  text-align: left;\n}\n<\/style>\n\t<\/div>\n\t\n\t<div id=\"gap-940853507\" class=\"gap-element clearfix\" style=\"display:block; height:auto;\">\n\t\t\n<style>\n#gap-940853507 {\n  padding-top: 30px;\n}\n<\/style>\n\t<\/div>\n\t\n\n<a href=\"https:\/\/wa.me\/message\/JV7J6TEMDNP3D1\" target=\"_self\" class=\"button primary\"  style=\"border-radius:15px;\">\n    <span>cotiza ahora<\/span>\n  <\/a>\n\n\n<a class=\"button primary\"  style=\"border-radius:15px;\">\n    <span>ficha t\u00e9cnica<\/span>\n  <\/a>\n\n\n\n\t\t<\/div>\n\t\t\t<\/div>\n\n\t\n\n<\/div>\n<div class=\"text-center\"><div class=\"is-divider divider clearfix\" style=\"max-width:1920px;background-color:rgb(17, 176, 97);\"><\/div><\/div>\n\n\n\t\t<\/div>\n\n\t\t\n<style>\n#section_168613077 {\n  padding-top: 30px;\n  padding-bottom: 30px;\n}\n<\/style>\n\t<\/section>\n\t\n\t<section class=\"section hide-for-medium\" id=\"section_905170868\">\n\t\t<div class=\"bg section-bg fill bg-fill  bg-loaded\" >\n\n\t\t\t\n\t\t\t\n\t\t\t\n\n\t\t<\/div>\n\n\t\t<div class=\"section-content relative\">\n\t\t\t\n\n<div class=\"row align-center\"  id=\"row-352671714\">\n\n\n\t<div id=\"col-1068968316\" class=\"col medium-6 small-12 large-6\"  >\n\t\t<div class=\"col-inner text-center\"  >\n\t\t\t\n\t\t\t\n\n\t<div id=\"text-3495401806\" class=\"text\">\n\t\t\n\n<h2><span style=\"font-weight: 400;\">Powerfoil 8<\/span><\/h2>\n\t\t\n<style>\n#text-3495401806 {\n  font-size: 1.25rem;\n  text-align: center;\n}\n<\/style>\n\t<\/div>\n\t\n\t<div id=\"text-3484787547\" class=\"text\">\n\t\t\n\n<ul>\n<li style=\"font-weight: 400;\" aria-level=\"1\"><span style=\"font-weight: 400;\">Hasta 24 pies de di\u00e1metro<\/span><\/li>\n<li style=\"font-weight: 400;\" aria-level=\"1\"><span style=\"font-weight: 400;\">Ocho superficies aerodin\u00e1micas de aluminio mejoradas para mayor seguridad.<\/span><\/li>\n<li style=\"font-weight: 400;\" aria-level=\"1\"><span style=\"font-weight: 400;\">Motor de grado industrial y caja de engranajes de doble labio sellado<\/span><\/li>\n<li style=\"font-weight: 400;\" aria-level=\"1\"><span style=\"font-weight: 400;\">Controles de pantalla t\u00e1ctil<\/span><\/li>\n<\/ul>\n<ul>\n<li style=\"font-weight: 400;\" aria-level=\"1\"><span style=\"font-weight: 400;\">Sistema de cubo de gran tama\u00f1o cortado a m\u00e1quina para distribuir uniformemente la carga<\/span><\/li>\n<li style=\"font-weight: 400;\" aria-level=\"1\"><span style=\"font-weight: 400;\">Integraci\u00f3n del panel de control de incendios<\/span><\/li>\n<li style=\"font-weight: 400;\" aria-level=\"1\"><span style=\"font-weight: 400;\">Ahorro de energ\u00eda durante todo el a\u00f1o<\/span><\/li>\n<li style=\"font-weight: 400;\" aria-level=\"1\"><span style=\"font-weight: 400;\">Garant\u00edas mec\u00e1nicas de 7 a\u00f1os y el\u00e9ctricas de 3 a\u00f1os inigualables<\/span><\/li>\n<\/ul>\n\t\t\n<style>\n#text-3484787547 {\n  font-size: 1rem;\n  text-align: left;\n}\n<\/style>\n\t<\/div>\n\t\n\t<div id=\"gap-1169448492\" class=\"gap-element clearfix\" style=\"display:block; height:auto;\">\n\t\t\n<style>\n#gap-1169448492 {\n  padding-top: 30px;\n}\n<\/style>\n\t<\/div>\n\t\n\n<a class=\"button primary\"  style=\"border-radius:15px;\">\n    <span>ficha t\u00e9cnica<\/span>\n  <\/a>\n\n\n<a href=\"https:\/\/wa.me\/message\/JV7J6TEMDNP3D1\" target=\"_self\" class=\"button primary\"  style=\"border-radius:15px;\">\n    <span>cotiza ahora<\/span>\n  <\/a>\n\n\n\t<div id=\"gap-854564158\" class=\"gap-element clearfix\" style=\"display:block; height:auto;\">\n\t\t\n<style>\n#gap-854564158 {\n  padding-top: 30px;\n}\n<\/style>\n\t<\/div>\n\t\n\n\n\t\t<\/div>\n\t\t\t<\/div>\n\n\t\n\n\t<div id=\"col-1536847293\" class=\"col medium-6 small-12 large-6\"  >\n\t\t<div class=\"col-inner text-center\"  >\n\t\t\t\n\t\t\t\n\n\t<div class=\"img has-hover x md-x lg-x y md-y lg-y\" id=\"image_1148446983\">\n\t\t\t\t\t\t\t\t<div class=\"img-inner image-cover dark\" style=\"padding-top:100%;\">\n\t\t\t<img loading=\"lazy\" decoding=\"async\" width=\"1200\" height=\"1200\" src=\"https:\/\/swingenieria.com\/wp-content\/uploads\/2023\/06\/powerfoil-8-feature-desktop.jpg\" class=\"attachment-original size-original\" alt=\"\" srcset=\"https:\/\/swingenieria.com\/wp-content\/uploads\/2023\/06\/powerfoil-8-feature-desktop.jpg 1200w, https:\/\/swingenieria.com\/wp-content\/uploads\/2023\/06\/powerfoil-8-feature-desktop-300x300.jpg 300w, https:\/\/swingenieria.com\/wp-content\/uploads\/2023\/06\/powerfoil-8-feature-desktop-1024x1024.jpg 1024w, https:\/\/swingenieria.com\/wp-content\/uploads\/2023\/06\/powerfoil-8-feature-desktop-150x150.jpg 150w, https:\/\/swingenieria.com\/wp-content\/uploads\/2023\/06\/powerfoil-8-feature-desktop-768x768.jpg 768w\" sizes=\"auto, (max-width: 1200px) 100vw, 1200px\" \/>\t\t\t\t\t\t\n\t\t\t\t\t<\/div>\n\t\t\t\t\t\t\t\t\n<style>\n#image_1148446983 {\n  width: 100%;\n}\n@media (min-width:850px) {\n  #image_1148446983 {\n    width: 100%;\n  }\n}\n<\/style>\n\t<\/div>\n\t\n\n\n\t\t<\/div>\n\t\t\t<\/div>\n\n\t\n\n<\/div>\n<div class=\"text-center\"><div class=\"is-divider divider clearfix\" style=\"max-width:1920px;background-color:rgb(17, 176, 97);\"><\/div><\/div>\n\n\n\t\t<\/div>\n\n\t\t\n<style>\n#section_905170868 {\n  padding-top: 30px;\n  padding-bottom: 30px;\n}\n<\/style>\n\t<\/section>\n\t\n\t<section class=\"section\" id=\"section_1057789363\">\n\t\t<div class=\"bg section-bg fill bg-fill  bg-loaded\" >\n\n\t\t\t\n\t\t\t\n\t\t\t\n\n\t\t<\/div>\n\n\t\t<div class=\"section-content relative\">\n\t\t\t\n\n<div class=\"row align-center\"  id=\"row-363579139\">\n\n\n\t<div id=\"col-59938759\" class=\"col medium-6 small-12 large-6\"  >\n\t\t<div class=\"col-inner text-center\"  >\n\t\t\t\n\t\t\t\n\n\t<div class=\"img has-hover x md-x lg-x y md-y lg-y\" id=\"image_33369313\">\n\t\t\t\t\t\t\t\t<div class=\"img-inner dark\" >\n\t\t\t<img loading=\"lazy\" decoding=\"async\" width=\"1020\" height=\"1020\" src=\"https:\/\/swingenieria.com\/wp-content\/uploads\/2023\/06\/powerfoil-d-feature-desktop-1024x1024.jpg\" class=\"attachment-large size-large\" alt=\"\" srcset=\"https:\/\/swingenieria.com\/wp-content\/uploads\/2023\/06\/powerfoil-d-feature-desktop-1024x1024.jpg 1024w, https:\/\/swingenieria.com\/wp-content\/uploads\/2023\/06\/powerfoil-d-feature-desktop-300x300.jpg 300w, https:\/\/swingenieria.com\/wp-content\/uploads\/2023\/06\/powerfoil-d-feature-desktop-150x150.jpg 150w, https:\/\/swingenieria.com\/wp-content\/uploads\/2023\/06\/powerfoil-d-feature-desktop-768x768.jpg 768w, https:\/\/swingenieria.com\/wp-content\/uploads\/2023\/06\/powerfoil-d-feature-desktop.jpg 1200w\" sizes=\"auto, (max-width: 1020px) 100vw, 1020px\" \/>\t\t\t\t\t\t\n\t\t\t\t\t<\/div>\n\t\t\t\t\t\t\t\t\n<style>\n#image_33369313 {\n  width: 100%;\n}\n<\/style>\n\t<\/div>\n\t\n\n\n\t\t<\/div>\n\t\t\t<\/div>\n\n\t\n\n\t<div id=\"col-1170499125\" class=\"col medium-6 small-12 large-6\"  >\n\t\t<div class=\"col-inner text-center\"  >\n\t\t\t\n\t\t\t\n\n\t<div id=\"text-3214389279\" class=\"text\">\n\t\t\n\n<h2><span style=\"font-weight: 400;\">Powerfoil D<\/span><\/h2>\n\t\t\n<style>\n#text-3214389279 {\n  font-size: 1.25rem;\n  text-align: center;\n}\n<\/style>\n\t<\/div>\n\t\n\t<div id=\"gap-340273244\" class=\"gap-element clearfix\" style=\"display:block; height:auto;\">\n\t\t\n<style>\n#gap-340273244 {\n  padding-top: 10px;\n}\n@media (min-width:550px) {\n  #gap-340273244 {\n    padding-top: 30px;\n  }\n}\n<\/style>\n\t<\/div>\n\t\n\n\t<div id=\"text-897530076\" class=\"text\">\n\t\t\n\n<ul>\n<li style=\"font-weight: 400;\" aria-level=\"1\"><span style=\"font-weight: 400;\">Opciones de di\u00e1metro de 8 a 24 pies<\/span><\/li>\n<li style=\"font-weight: 400;\" aria-level=\"1\"><span style=\"font-weight: 400;\">Seis superficies aerodin\u00e1micas patentadas con winglets<\/span><\/li>\n<li style=\"font-weight: 400;\" aria-level=\"1\"><span style=\"font-weight: 400;\">Clasificaci\u00f3n IP66 para uso en interiores o exteriores<\/span><\/li>\n<\/ul>\n<ul>\n<li style=\"font-weight: 400;\" aria-level=\"1\"><span style=\"font-weight: 400;\">El potente motor magn\u00e9tico de neodimio proporciona un funcionamiento del ventilador pr\u00e1cticamente silencioso y una eficiencia \u00f3ptima<\/span><\/li>\n<li style=\"font-weight: 400;\" aria-level=\"1\"><span style=\"font-weight: 400;\">200-277 \/ 338-480 opciones de VCA multif\u00e1sico<\/span><\/li>\n<\/ul>\n\t\t\n<style>\n#text-897530076 {\n  font-size: 1rem;\n  text-align: left;\n}\n<\/style>\n\t<\/div>\n\t\n\t<div id=\"gap-1947139748\" class=\"gap-element clearfix\" style=\"display:block; height:auto;\">\n\t\t\n<style>\n#gap-1947139748 {\n  padding-top: 30px;\n}\n<\/style>\n\t<\/div>\n\t\n\n<a href=\"https:\/\/wa.me\/message\/JV7J6TEMDNP3D1\" target=\"_self\" class=\"button primary\"  style=\"border-radius:15px;\">\n    <span>cotiza ahora<\/span>\n  <\/a>\n\n\n<a class=\"button primary\"  style=\"border-radius:15px;\">\n    <span>ficha t\u00e9cnica<\/span>\n  <\/a>\n\n\n\n\t\t<\/div>\n\t\t\t<\/div>\n\n\t\n\n<\/div>\n<div class=\"text-center\"><div class=\"is-divider divider clearfix\" style=\"max-width:1920px;background-color:rgb(17, 176, 97);\"><\/div><\/div>\n\n\t<div id=\"gap-1813441979\" class=\"gap-element clearfix\" style=\"display:block; height:auto;\">\n\t\t\n<style>\n#gap-1813441979 {\n  padding-top: 30px;\n}\n<\/style>\n\t<\/div>\n\t\n\n\n\t\t<\/div>\n\n\t\t\n<style>\n#section_1057789363 {\n  padding-top: 0px;\n  padding-bottom: 0px;\n}\n<\/style>\n\t<\/section>\n\t\n\t<section class=\"section hide-for-medium\" id=\"section_826316445\">\n\t\t<div class=\"bg section-bg fill bg-fill  bg-loaded\" >\n\n\t\t\t\n\t\t\t\n\t\t\t\n\n\t\t<\/div>\n\n\t\t<div class=\"section-content relative\">\n\t\t\t\n\n<div class=\"row align-center\"  id=\"row-429593626\">\n\n\n\t<div id=\"col-1397933002\" class=\"col medium-6 small-12 large-6\"  >\n\t\t<div class=\"col-inner text-center\"  >\n\t\t\t\n\t\t\t\n\n\t<div id=\"text-2947647447\" class=\"text\">\n\t\t\n\n<h2 class=\"uppercase\" style=\"text-align: left;\"><span style=\"font-weight: 400;\">CON LOS VENTILADORES INDUSTRIALES, LA SEGURIDAD SIEMPRE ES LO PRIMERO<\/span><\/h2>\n\t\t\n<style>\n#text-2947647447 {\n  font-size: 1.25rem;\n  text-align: left;\n}\n<\/style>\n\t<\/div>\n\t\n\t<div id=\"text-764825370\" class=\"text\">\n\t\t\n\n<ul>\n<li><span style=\"font-weight: 400;\">Herrajes duraderos de grado 8 y sin soldaduras expuestas cr\u00edticas para conexiones a prueba de fallas<\/span><\/li>\n<li><span style=\"font-weight: 400;\">Sistema de cable de seguridad de dos juegos hecho de acero galvanizado de calidad aeron\u00e1utica<\/span><\/li>\n<li><span style=\"font-weight: 400;\">Retenedores de acero y Airfoil Restraint System para una seguridad robusta del cubo y del perfil aerodin\u00e1mico<\/span><\/li>\n<li><span style=\"font-weight: 400;\">Aceler\u00f3metro incorporado para el apagado autom\u00e1tico del ventilador en caso de impacto o si se detecta un cambio en la estructura del edificio<\/span><\/li>\n<li><span style=\"font-weight: 400;\">Integraci\u00f3n del sistema de supresi\u00f3n de incendios para seguridad automatizada<\/span><\/li>\n<li style=\"list-style-type: none;\">\u00a0<\/li>\n<\/ul>\n\t\t\n<style>\n#text-764825370 {\n  font-size: 1rem;\n  text-align: left;\n}\n<\/style>\n\t<\/div>\n\t\n\t<div id=\"gap-2138609823\" class=\"gap-element clearfix\" style=\"display:block; height:auto;\">\n\t\t\n<style>\n#gap-2138609823 {\n  padding-top: 30px;\n}\n<\/style>\n\t<\/div>\n\t\n\n<a class=\"button primary\"  style=\"border-radius:15px;\">\n    <span>ficha t\u00e9cnica<\/span>\n  <\/a>\n\n\n<a href=\"https:\/\/wa.me\/message\/JV7J6TEMDNP3D1\" target=\"_self\" class=\"button primary\"  style=\"border-radius:15px;\">\n    <span>cotiza ahora<\/span>\n  <\/a>\n\n\n\t<div id=\"gap-2091994538\" class=\"gap-element clearfix\" style=\"display:block; height:auto;\">\n\t\t\n<style>\n#gap-2091994538 {\n  padding-top: 30px;\n}\n<\/style>\n\t<\/div>\n\t\n\n\n\t\t<\/div>\n\t\t\t<\/div>\n\n\t\n\n\t<div id=\"col-1983702359\" class=\"col medium-6 small-12 large-6\"  >\n\t\t<div class=\"col-inner text-center\"  >\n\t\t\t\n\t\t\t\n\n\t<div class=\"img has-hover x md-x lg-x y md-y lg-y\" id=\"image_1601658741\">\n\t\t\t\t\t\t\t\t<div class=\"img-inner image-cover dark\" style=\"padding-top:100%;\">\n\t\t\t<img loading=\"lazy\" decoding=\"async\" width=\"1280\" height=\"720\" src=\"https:\/\/swingenieria.com\/wp-content\/uploads\/2023\/06\/BAF_Powerfoil-D_Detail_SafetyCable_3Vingete.jpg\" class=\"attachment-original size-original\" alt=\"\" srcset=\"https:\/\/swingenieria.com\/wp-content\/uploads\/2023\/06\/BAF_Powerfoil-D_Detail_SafetyCable_3Vingete.jpg 1280w, https:\/\/swingenieria.com\/wp-content\/uploads\/2023\/06\/BAF_Powerfoil-D_Detail_SafetyCable_3Vingete-300x169.jpg 300w, https:\/\/swingenieria.com\/wp-content\/uploads\/2023\/06\/BAF_Powerfoil-D_Detail_SafetyCable_3Vingete-1024x576.jpg 1024w, https:\/\/swingenieria.com\/wp-content\/uploads\/2023\/06\/BAF_Powerfoil-D_Detail_SafetyCable_3Vingete-768x432.jpg 768w\" sizes=\"auto, (max-width: 1280px) 100vw, 1280px\" \/>\t\t\t\t\t\t\n\t\t\t\t\t<\/div>\n\t\t\t\t\t\t\t\t\n<style>\n#image_1601658741 {\n  width: 100%;\n}\n@media (min-width:850px) {\n  #image_1601658741 {\n    width: 100%;\n  }\n}\n<\/style>\n\t<\/div>\n\t\n\n\n\t\t<\/div>\n\t\t\t<\/div>\n\n\t\n\n<\/div>\n<div class=\"text-center\"><div class=\"is-divider divider clearfix\" style=\"max-width:1920px;background-color:rgb(17, 176, 97);\"><\/div><\/div>\n\n\n\t\t<\/div>\n\n\t\t\n<style>\n#section_826316445 {\n  padding-top: 0px;\n  padding-bottom: 0px;\n}\n<\/style>\n\t<\/section>\n\t\n\t<section class=\"section\" id=\"section_447108514\">\n\t\t<div class=\"bg section-bg fill bg-fill  bg-loaded\" >\n\n\t\t\t\n\t\t\t\n\t\t\t\n\n\t\t<\/div>\n\n\t\t<div class=\"section-content relative\">\n\t\t\t\n\n<div class=\"row align-middle align-center\"  id=\"row-194222203\">\n\n\n\t<div id=\"col-1237410173\" class=\"col medium-9 small-12 large-9\"  >\n\t\t<div class=\"col-inner text-center\"  >\n\t\t\t\n\t\t\t\n\n\t<div id=\"gap-819308329\" class=\"gap-element clearfix\" style=\"display:block; height:auto;\">\n\t\t\n<style>\n#gap-819308329 {\n  padding-top: 30px;\n}\n<\/style>\n\t<\/div>\n\t\n\n\t<div id=\"text-2941657798\" class=\"text\">\n\t\t\n\n<h1><span style=\"font-weight: 600;\">AN\u00c1LISIS DE FLUJO DE AIRE<br> PERSONALIZADO SPECLAB\u00ae<\/span><\/h1>\n<p><span style=\"font-weight: 600;\">Nuestro propietario SpecLab El software utiliza din\u00e1mica de fluidos computacional (CFD) en 3D para simular el flujo de aire de nuestros ventiladores en su espacio, brind\u00e1ndole una visi\u00f3n precisa del rendimiento de nuestros ventiladores antes de c<\/span><span style=\"font-weight: 400;\">omprar.\u00a0<\/span><\/p>\n\t\t\n<style>\n#text-2941657798 {\n  text-align: left;\n  color: rgb(255,255,255);\n}\n#text-2941657798 > * {\n  color: rgb(255,255,255);\n}\n<\/style>\n\t<\/div>\n\t\n<a rel=\"noopener noreferrer\" href=\"https:\/\/web.whatsapp.com\/send?phone=51922330784&#038;text=%C2%A1Hola!%20Estoy%20interesado%20en%20un%20hidroventilador\" target=\"_blank\" class=\"button secondary\"  style=\"border-radius:15px;\">\n    <span>CONTACTA UN VENDEDOR<\/span>\n  <\/a>\n\n\n\n\t\t<\/div>\n\t\t\t<\/div>\n\n\t\n\n\t<div id=\"col-2117498714\" class=\"col medium-3 small-12 large-3\"  >\n\t\t<div class=\"col-inner text-center\"  >\n\t\t\t\n\t\t\t\n\n\t<div class=\"img has-hover x md-x lg-x y md-y lg-y\" id=\"image_904864154\">\n\t\t\t\t\t\t\t\t<div class=\"img-inner dark\" >\n\t\t\t<img loading=\"lazy\" decoding=\"async\" width=\"1020\" height=\"780\" src=\"https:\/\/swingenieria.com\/wp-content\/uploads\/2023\/06\/speclab-imac-1024x783.png\" class=\"attachment-large size-large\" alt=\"\" srcset=\"https:\/\/swingenieria.com\/wp-content\/uploads\/2023\/06\/speclab-imac-1024x783.png 1024w, https:\/\/swingenieria.com\/wp-content\/uploads\/2023\/06\/speclab-imac-300x229.png 300w, https:\/\/swingenieria.com\/wp-content\/uploads\/2023\/06\/speclab-imac-768x587.png 768w, https:\/\/swingenieria.com\/wp-content\/uploads\/2023\/06\/speclab-imac.png 1046w\" sizes=\"auto, (max-width: 1020px) 100vw, 1020px\" \/>\t\t\t\t\t\t\n\t\t\t\t\t<\/div>\n\t\t\t\t\t\t\t\t\n<style>\n#image_904864154 {\n  width: 100%;\n}\n<\/style>\n\t<\/div>\n\t\n\n\n\t\t<\/div>\n\t\t\t<\/div>\n\n\t\n\n<\/div>\n\n\t\t<\/div>\n\n\t\t\n<style>\n#section_447108514 {\n  padding-top: 30px;\n  padding-bottom: 30px;\n  background-color: #11b061;\n}\n<\/style>\n\t<\/section>\n\t\n\t<section class=\"section dark\" id=\"section_696661935\">\n\t\t<div class=\"bg section-bg fill bg-fill  bg-loaded\" >\n\n\t\t\t\n\t\t\t<div class=\"section-bg-overlay absolute fill\"><\/div>\n\t\t\t\n\n\t\t<\/div>\n\n\t\t<div class=\"section-content relative\">\n\t\t\t\n\n<div class=\"row\"  id=\"row-1711582372\">\n\n\n\t<div id=\"col-1266206750\" class=\"col small-12 large-12\"  >\n\t\t<div class=\"col-inner text-center\"  >\n\t\t\t\n\t\t\t\n\n<div class=\"ux-logo has-hover align-middle ux_logo inline-block\" style=\"max-width: 100%!important; width: 253px!important\"><div class=\"ux-logo-link block image-\" title=\"\"  href=\"\" style=\"padding: 15px;\"><img decoding=\"async\" src=\"https:\/\/swingenieria.com\/wp-content\/uploads\/2023\/04\/logo-swingenieria.png\" title=\"\" alt=\"\" class=\"ux-logo-image block\" style=\"height:80px;\" \/><\/div><\/div>\n\n\n\t\t<\/div>\n\t\t\n<style>\n#col-1266206750 > .col-inner {\n  padding: 30px 0px 0px 0px;\n}\n<\/style>\n\t<\/div>\n\n\t\n\n<\/div>\n\t<div id=\"gap-1761358110\" class=\"gap-element clearfix\" style=\"display:block; height:auto;\">\n\t\t\n<style>\n#gap-1761358110 {\n  padding-top: 30px;\n}\n<\/style>\n\t<\/div>\n\t\n\n<div class=\"row\"  id=\"row-2063696218\">\n\n\n\t<div id=\"col-1595842512\" class=\"col medium-4 small-12 large-4\"  >\n\t\t<div class=\"col-inner text-center\"  >\n\t\t\t\n\t\t\t\n\n<p>Calle Alcanfores 1245, Miraflores\u00a0<br \/>Lima-Per\u00fa<\/p>\n\n\t\t<\/div>\n\t\t\t<\/div>\n\n\t\n\n\t<div id=\"col-698299075\" class=\"col medium-4 small-12 large-4\"  >\n\t\t<div class=\"col-inner text-center\"  >\n\t\t\t\n\t\t\t\n\n<p><a href=\"mailto:comercial@swingenieria.com\">comercial@swingenieria.com<\/a><br \/><a href=\"alvaro@swingenieria.com\">alvaro@swingenieria.com<\/a><br \/><a\nhref=\"mailto:aplicaciones@swingenieria.com\">aplicaciones@swingenieria.com<\/a><br \/><a<\/p>\n\n\t\t<\/div>\n\t\t\t<\/div>\n\n\t\n\n\t<div id=\"col-1153289961\" class=\"col medium-4 small-12 large-4\"  >\n\t\t<div class=\"col-inner text-center\"  >\n\t\t\t\n\t\t\t\n\n<p><a href=\"https:\/\/swingenieria.com\/index.php\/contacto\/\">Contacto<\/a><p><a href=\"https:\/\/swingenieria.com\/index.php\/contacto\/\">922330784<\/a><\/p>\n\n\t\t<\/div>\n\t\t\t<\/div>\n\n\t\n\n<\/div>\n<div class=\"social-icons follow-icons full-width text-center\" style=\"font-size:110%\"><a href=\"mailto:comercial@swingenieria.com\" data-label=\"E-mail\"  rel=\"nofollow\" class=\"icon plain  email tooltip\" title=\"Env\u00edanos un email\"><i class=\"icon-envelop\" ><\/i><\/a><a href=\"https:\/\/www.linkedin.com\/company\/sw-ingenier%C3%ADa-agroindustrial\/\" target=\"_blank\" rel=\"noopener noreferrer nofollow\" data-label=\"LinkedIn\" class=\"icon plain  linkedin tooltip\" title=\"Follow on LinkedIn\"><i class=\"icon-linkedin\" ><\/i><\/a><\/div>\n\n\t<div id=\"gap-1947049977\" class=\"gap-element clearfix\" style=\"display:block; height:auto;\">\n\t\t\n<style>\n#gap-1947049977 {\n  padding-top: 30px;\n}\n<\/style>\n\t<\/div>\n\t\n\n\n\t\t<\/div>\n\n\t\t\n<style>\n#section_696661935 {\n  padding-top: 30px;\n  padding-bottom: 30px;\n  background-color: rgb(47, 47, 47);\n}\n#section_696661935 .section-bg-overlay {\n  background-color: rgba(0,0,0,.5);\n}\n@media (min-width:850px) {\n  #section_696661935 {\n    padding-top: 30px;\n    padding-bottom: 30px;\n  }\n}\n<\/style>\n\t<\/section>\n\t\n\n","protected":false},"excerpt":{"rendered":"","protected":false},"author":1,"featured_media":0,"parent":0,"menu_order":0,"comment_status":"closed","ping_status":"closed","template":"page-blank.php","meta":{"footnotes":""},"class_list":["post-685","page","type-page","status-publish","hentry"],"_links":{"self":[{"href":"https:\/\/swingenieria.com\/index.php\/wp-json\/wp\/v2\/pages\/685","targetHints":{"allow":["GET"]}}],"collection":[{"href":"https:\/\/swingenieria.com\/index.php\/wp-json\/wp\/v2\/pages"}],"about":[{"href":"https:\/\/swingenieria.com\/index.php\/wp-json\/wp\/v2\/types\/page"}],"author":[{"embeddable":true,"href":"https:\/\/swingenieria.com\/index.php\/wp-json\/wp\/v2\/users\/1"}],"replies":[{"embeddable":true,"href":"https:\/\/swingenieria.com\/index.php\/wp-json\/wp\/v2\/comments?post=685"}],"version-history":[{"count":24,"href":"https:\/\/swingenieria.com\/index.php\/wp-json\/wp\/v2\/pages\/685\/revisions"}],"predecessor-version":[{"id":831,"href":"https:\/\/swingenieria.com\/index.php\/wp-json\/wp\/v2\/pages\/685\/revisions\/831"}],"wp:attachment":[{"href":"https:\/\/swingenieria.com\/index.php\/wp-json\/wp\/v2\/media?parent=685"}],"curies":[{"name":"wp","href":"https:\/\/api.w.org\/{rel}","templated":true}]}}