{"id":778,"date":"2024-04-08T05:36:41","date_gmt":"2024-04-08T05:36:41","guid":{"rendered":"https:\/\/swingenieria.com\/?page_id=778"},"modified":"2024-04-08T08:57:07","modified_gmt":"2024-04-08T08:57:07","slug":"consultoria-en-eficiencia-operativa","status":"publish","type":"page","link":"https:\/\/swingenieria.com\/index.php\/consultoria-en-eficiencia-operativa\/","title":{"rendered":"Consultoria en eficiencia operativa"},"content":{"rendered":"\n\n  <div class=\"banner has-hover\" id=\"banner-220047103\">\n          <div class=\"banner-inner fill\">\n        <div class=\"banner-bg fill\" >\n            <div class=\"bg fill bg-fill \"><\/div>\n                        <div class=\"overlay\"><\/div>            \n\t<div class=\"is-border\"\n\t\tstyle=\"border-width:0 0px 0px 0px;\">\n\t<\/div>\n                    <\/div>\n        <div class=\"banner-layers container\">\n            <div class=\"fill banner-link\"><\/div>            \n\n   <div id=\"text-box-2052842406\" class=\"text-box banner-layer x5 md-x5 lg-x5 y50 md-y50 lg-y50 res-text\">\n                                <div class=\"text-box-content text dark\">\n              \n              <div class=\"text-inner text-center\">\n                  \n\n\t<div id=\"text-3306978372\" class=\"text\">\n\t\t\n\n<h3 class=\"uppercase\"><span style=\"font-weight: 400;\">Servicio de consultoria en eficienciaoperativa<\/span><\/h3>\n\t\t\n<style>\n#text-3306978372 {\n  text-align: left;\n}\n<\/style>\n\t<\/div>\n\t\n\n              <\/div>\n           <\/div>\n                            \n<style>\n#text-box-2052842406 {\n  width: 60%;\n}\n#text-box-2052842406 .text-box-content {\n  font-size: 100%;\n}\n@media (min-width:550px) {\n  #text-box-2052842406 {\n    width: 37%;\n  }\n}\n<\/style>\n    <\/div>\n \n\n        <\/div>\n      <\/div>\n\n            \n<style>\n#banner-220047103 {\n  padding-top: 400px;\n}\n#banner-220047103 .bg.bg-loaded {\n  background-image: url(https:\/\/swingenieria.com\/wp-content\/uploads\/2024\/04\/banner-consultoria-4.jpg);\n}\n#banner-220047103 .overlay {\n  background-color: rgba(0, 0, 0, 0.31);\n}\n#banner-220047103 .bg {\n  background-position: 51% 61%;\n}\n<\/style>\n  <\/div>\n\n\n\t<section class=\"section\" id=\"section_1355273814\">\n\t\t<div class=\"bg section-bg fill bg-fill  bg-loaded\" >\n\n\t\t\t\n\t\t\t\n\t\t\t\n\n\t\t<\/div>\n\n\t\t<div class=\"section-content relative\">\n\t\t\t\n\n<div class=\"row align-center\"  id=\"row-667158351\">\n\n\n\t<div id=\"col-1833690221\" class=\"col medium-10 small-12 large-10\"  >\n\t\t<div class=\"col-inner text-center\"  >\n\t\t\t\n\t\t\t\n\n\t<div id=\"text-212855583\" class=\"text\">\n\t\t\n\n<br \/>\n<h2 class=\"uppercase\">Eficiencia operativa<\/h2>\n<p>Optimiza tu operacion con nuestra consultor\u00eda especializada en eficiencia operativa. Enfocados en procesos industriales, destacamos en la eficiencia energ\u00e9tica y sistemas de refrigeraci\u00f3n para espacios amplios. Nuestro equipo de expertos analiza a fondo tus operaciones, identificando \u00e1reas de mejora y dise\u00f1ando soluciones a medida. Reducimos costos de energ\u00eda y mantenimiento, aumentando la productividad y reduciendo la huella ambiental. Con tecnolog\u00eda de vanguardia y estrategias probadas, garantizamos resultados tangibles. Nuestros clientes principales est\u00e1n en la industria de alimentos, de productos frescos, de operaci\u00f3n log\u00edstica y procesos de transformaci\u00f3n industrial. \u00a1Toma el paso hoy mismo y prep\u00e1rate para un futuro m\u00e1s eficiente y sostenible! Cont\u00e1ctanos para una evaluaci\u00f3n gratuita y personalizada de tus necesidades..<\/p>\n\t\t\n<style>\n#text-212855583 {\n  text-align: center;\n}\n<\/style>\n\t<\/div>\n\t\n\n\t\t<\/div>\n\t\t\t<\/div>\n\n\t\n\n<\/div>\n\n\t\t<\/div>\n\n\t\t\n<style>\n#section_1355273814 {\n  padding-top: 60px;\n  padding-bottom: 60px;\n  min-height: 300px;\n  background-color: rgb(245, 245, 245);\n}\n<\/style>\n\t<\/section>\n\t\n\t<section class=\"section dark\" id=\"section_367270705\">\n\t\t<div class=\"bg section-bg fill bg-fill  bg-loaded\" >\n\n\t\t\t\n\t\t\t<div class=\"section-bg-overlay absolute fill\"><\/div>\n\t\t\t\n\n\t\t<\/div>\n\n\t\t<div class=\"section-content relative\">\n\t\t\t\n\n<div class=\"row\"  id=\"row-816454296\">\n\n\n\t<div id=\"col-2096333133\" class=\"col small-12 large-12\"  >\n\t\t<div class=\"col-inner text-center\"  >\n\t\t\t\n\t\t\t\n\n<div class=\"ux-logo has-hover align-middle ux_logo inline-block\" style=\"max-width: 100%!important; width: 253px!important\"><div class=\"ux-logo-link block image-\" title=\"\"  href=\"\" style=\"padding: 15px;\"><img decoding=\"async\" src=\"https:\/\/swingenieria.com\/wp-content\/uploads\/2023\/04\/logo-swingenieria.png\" title=\"\" alt=\"\" class=\"ux-logo-image block\" style=\"height:80px;\" \/><\/div><\/div>\n\n\n\t\t<\/div>\n\t\t\n<style>\n#col-2096333133 > .col-inner {\n  padding: 30px 0px 0px 0px;\n}\n<\/style>\n\t<\/div>\n\n\t\n\n<\/div>\n\t<div id=\"gap-624110992\" class=\"gap-element clearfix\" style=\"display:block; height:auto;\">\n\t\t\n<style>\n#gap-624110992 {\n  padding-top: 30px;\n}\n<\/style>\n\t<\/div>\n\t\n\n<div class=\"row\"  id=\"row-1224626385\">\n\n\n\t<div id=\"col-206749576\" class=\"col medium-4 small-12 large-4\"  >\n\t\t<div class=\"col-inner text-center\"  >\n\t\t\t\n\t\t\t\n\n<p>Calle Alcanfores 1245, Miraflores\u00a0<br \/>Lima-Per\u00fa<\/p>\n\n\t\t<\/div>\n\t\t\t<\/div>\n\n\t\n\n\t<div id=\"col-2100794912\" class=\"col medium-4 small-12 large-4\"  >\n\t\t<div class=\"col-inner text-center\"  >\n\t\t\t\n\t\t\t\n\n<p><a href=\"mailto:comercial@swingenieria.com\">comercial@swingenieria.com<\/a><br \/><a href=\"alvaro@swingenieria.com\">alvaro@swingenieria.com<\/a><br \/><a\nhref=\"mailto:aplicaciones@swingenieria.com\">aplicaciones@swingenieria.com<\/a><br \/><a<\/p>\n\n\t\t<\/div>\n\t\t\t<\/div>\n\n\t\n\n\t<div id=\"col-430094981\" class=\"col medium-4 small-12 large-4\"  >\n\t\t<div class=\"col-inner text-center\"  >\n\t\t\t\n\t\t\t\n\n<p><a href=\"https:\/\/swingenieria.com\/index.php\/contacto\/\">Contacto<\/a><p><a href=\"https:\/\/swingenieria.com\/index.php\/contacto\/\">922330784<\/a><\/p>\n\n\t\t<\/div>\n\t\t\t<\/div>\n\n\t\n\n<\/div>\n<div class=\"social-icons follow-icons full-width text-center\" style=\"font-size:110%\"><a href=\"mailto:comercial@swingenieria.com\" data-label=\"E-mail\"  rel=\"nofollow\" class=\"icon plain  email tooltip\" title=\"Env\u00edanos un email\"><i class=\"icon-envelop\" ><\/i><\/a><a href=\"https:\/\/www.linkedin.com\/company\/sw-ingenier%C3%ADa-agroindustrial\/\" target=\"_blank\" rel=\"noopener noreferrer nofollow\" data-label=\"LinkedIn\" class=\"icon plain  linkedin tooltip\" title=\"Follow on LinkedIn\"><i class=\"icon-linkedin\" ><\/i><\/a><\/div>\n\n\t<div id=\"gap-1808388919\" class=\"gap-element clearfix\" style=\"display:block; height:auto;\">\n\t\t\n<style>\n#gap-1808388919 {\n  padding-top: 30px;\n}\n<\/style>\n\t<\/div>\n\t\n\n\n\t\t<\/div>\n\n\t\t\n<style>\n#section_367270705 {\n  padding-top: 30px;\n  padding-bottom: 30px;\n  background-color: rgb(47, 47, 47);\n}\n#section_367270705 .section-bg-overlay {\n  background-color: rgba(0,0,0,.5);\n}\n@media (min-width:850px) {\n  #section_367270705 {\n    padding-top: 30px;\n    padding-bottom: 30px;\n  }\n}\n<\/style>\n\t<\/section>\n\t\n\n","protected":false},"excerpt":{"rendered":"","protected":false},"author":2,"featured_media":0,"parent":0,"menu_order":0,"comment_status":"closed","ping_status":"closed","template":"","meta":{"footnotes":""},"class_list":["post-778","page","type-page","status-publish","hentry"],"_links":{"self":[{"href":"https:\/\/swingenieria.com\/index.php\/wp-json\/wp\/v2\/pages\/778","targetHints":{"allow":["GET"]}}],"collection":[{"href":"https:\/\/swingenieria.com\/index.php\/wp-json\/wp\/v2\/pages"}],"about":[{"href":"https:\/\/swingenieria.com\/index.php\/wp-json\/wp\/v2\/types\/page"}],"author":[{"embeddable":true,"href":"https:\/\/swingenieria.com\/index.php\/wp-json\/wp\/v2\/users\/2"}],"replies":[{"embeddable":true,"href":"https:\/\/swingenieria.com\/index.php\/wp-json\/wp\/v2\/comments?post=778"}],"version-history":[{"count":7,"href":"https:\/\/swingenieria.com\/index.php\/wp-json\/wp\/v2\/pages\/778\/revisions"}],"predecessor-version":[{"id":828,"href":"https:\/\/swingenieria.com\/index.php\/wp-json\/wp\/v2\/pages\/778\/revisions\/828"}],"wp:attachment":[{"href":"https:\/\/swingenieria.com\/index.php\/wp-json\/wp\/v2\/media?parent=778"}],"curies":[{"name":"wp","href":"https:\/\/api.w.org\/{rel}","templated":true}]}}